{"id":5706,"date":"2017-10-17T11:26:16","date_gmt":"2017-10-17T09:26:16","guid":{"rendered":"http:\/\/www.hbbn.de\/privacy-policy\/"},"modified":"2026-01-06T17:01:21","modified_gmt":"2026-01-06T16:01:21","slug":"privacy-policy","status":"publish","type":"page","link":"https:\/\/www.hbbn.org\/en\/privacy-policy\/","title":{"rendered":"Privacy policy"},"content":{"rendered":"<p>[vc_row][vc_column width=&#8221;1\/3&#8243;][vc_column_text]<strong>Conception &amp; realization<\/strong>[\/vc_column_text]<div class=\"krth-service-one \"><a href=\"http:\/\/www.hzweia.de\" class=\"service-image\" target=\"_blank\"><img decoding=\"async\" class=\"rounded-three\" src=\"https:\/\/www.hbbn.org\/wp-content\/uploads\/2017\/05\/Logo_200.png\" alt=\"\" ><\/a><a href=\"http:\/\/www.hzweia.de\" class=\"service-heading\" target=\"_blank\" style=\"\">HZWEIA GmbH & Co. KG<\/a><p>Internetagentur \/ Werbeagentur<\/p>\n<p>Minden &#8211; L\u00fcbbecke\u00a0| Essen\u00a0| Osnabr\u00fcck<\/p>\n<\/div>[\/vc_column][vc_column width=&#8221;2\/3&#8243;][vc_column_text]<strong><br \/>\n1.\u00a0Name und Anschrift des Verantwortlichen<\/strong><br \/>\nHBBN GmbH, Hans-Wunderlich-Stra\u00dfe 3, 49078 Osnabr\u00fcck<br \/>\nvertreten durch die Gesch\u00e4ftsf\u00fchrung: Dipl.-Kfm. Michael Borkel, Dipl.-Kfm. Thomas Laute, Dipl.-Kfm. Markus Fischer, Dipl.-Kfm. Thomas Hellwig, Sabrina Lembke, B. A., Matthias Neureiter, LL.B., Florian Kaulbach, B. A., Dipl.-Finw. (FH) Bj\u00f6rn Schiballa, LL. M.<br \/>\nTelefon: +49 (0) 541 &#8211; 404600, E-Mail: info(at)hbbn.de<\/p>\n<p><strong><br \/>\n2.\u00a0Kontaktdaten des Datenschutzbeauftragten<\/strong><br \/>\nDetlef Breuker, c\/o C&amp;S Consulting, An der Blanken M\u00fchle 17, 49328 Melle<br \/>\nE-Mail: info(at)datenschutz-os.de<\/p>\n<p><strong><br \/>\n3.\u00a0Verarbeitung personenbezogener Daten auf unserer Internetseite<\/strong><\/p>\n<p>3.1.\u00a0Bereitstellung der Website und Erstellung von Logfiles<br \/>\nF\u00fcr den blo\u00dfen Besuch unserer Internetseite und den Abruf der dort enthaltenen Informationen ist es nicht erforderlich, dass Sie personenbezogene Daten mitteilen.<br \/>\nWir erheben und verwenden w\u00e4hrend Ihres Besuchs unserer Internetseite nur Daten, die uns Ihr Internetbrowser automatisch \u00fcbermittelt:<\/p>\n<ul>\n<li>Datum und Uhrzeit des Abrufs einer unserer Internetseiten<\/li>\n<li>Ihren Browsertyp<\/li>\n<li>Ihre Browsereinstellungen<\/li>\n<li>Ihre IP-Adresse<\/li>\n<li>die von Ihnen besuchten Seiten<\/li>\n<\/ul>\n<p>Diese Daten nutzen wir, um Ihnen den Besuch unserer Seite technisch zu erm\u00f6glichen. Des Weiteren nutzen wir diese Daten zu statistischen Zwecken und um unsere Internetseite im Design und Layout zu verbessern. Die IP-Adresse speichern wir zu Zwecken der Gew\u00e4hrleistung und Aufrechterhaltung der IT-Sicherheit (z.B. Erkennung und Abwehr von sog.<\/p>\n<p>DOS-Angriffen) und der Funktionsf\u00e4higkeit.<br \/>\nRechtsgrundlage f\u00fcr die vor\u00fcbergehende Speicherung der Daten ist Art. 6 Abs. 1 Buchst. f DSGVO.<\/p>\n<p>3.2.\u00a0Personenbezogene Daten Formulare<br \/>\nPersonenbezogene Daten werden nur erfasst, wenn Sie diese freiwillig im Rahmen einer Kontaktanfrage oder bei der Anmeldung zum Newsletter angeben.<\/p>\n<p>3.3.\u00a0Kontaktformular, Newsletter<br \/>\nAuf unserer Internetseite sind mehrere Kontaktformulare vorhanden, welche f\u00fcr die elektronische Kontaktaufnahme genutzt werden k\u00f6nnen.<br \/>\nBei Nutzung dieser M\u00f6glichkeiten,\u00a0 werden die in der Eingabemaske eingegebenen Daten an uns \u00fcbermittelt und gespeichert. Diese Daten sind abh\u00e4ngig vom jeweiligen Formular:<\/p>\n<p>Name<br \/>\nEmailadresse<\/p>\n<p>F\u00fcr die Verarbeitung der Daten wird im Rahmen des Sendevorgangs ggf. Ihre Einwilligung eingeholt und auf diese Datenschutzerkl\u00e4rung verwiesen.<br \/>\nDie durch das Formular versendeten Daten werden verschl\u00fcsselt an uns \u00fcbertragen.<br \/>\nAlternativ ist eine Kontaktaufnahme \u00fcber die bereitgestellte E-Mail-Adresse m\u00f6glich. In diesem Fall werden die mit der E-Mail \u00fcbermittelten personenbezogenen Daten des Nutzers gespeichert.<\/p>\n<p>3.4.\u00a0Zwecke und Rechtsgrundlagen f\u00fcr die Datenverarbeitung<br \/>\nDie Verarbeitung der personenbezogenen Daten aus der Eingabemaske dient uns allein zur Bearbeitung der Kontaktaufnahme. Im Falle einer Kontaktaufnahme per E-Mail liegt hieran auch das erforderliche berechtigte Interesse an der Verarbeitung der Daten.<br \/>\nDer Newsletter informiert regelm\u00e4\u00dfig \u00fcber interessante Angebote, News und Stories rund ums Unternehmen. Rechtsgrundlage f\u00fcr die Verarbeitung der Daten ist das Vorliegen einer Einwilligung nach Art. 6 Abs. 1 Buchst. a DSGVO.<br \/>\nRechtsgrundlage f\u00fcr die Verarbeitung der Daten, die im Zuge einer \u00dcbersendung einer E-Mail \u00fcbermittelt werden, ist Art. 6 Abs. 1 Buchst.\u00a0 f DSGVO. Zielt der E-Mail-Kontakt auf den Abschluss eines Vertrages ab, so ist zus\u00e4tzliche Rechtsgrundlage f\u00fcr die Verarbeitung Art. 6 Abs. 1 Buchst. b DSGVO.<\/p>\n<p>3.5.\u00a0Dauer der Speicherung<br \/>\nDie Speicherdauer der Daten f\u00fcr den Newsletterversand erfolgt solange, bis der Betroffene der Zusendung des Newsletters mit Wirkung f\u00fcr die Zukunft widerspricht.<br \/>\nKontaktformulare: Entf\u00e4llt der Zweck zur Speicherung der Daten, werden die personenbezogenen Daten gesperrt oder gel\u00f6scht, solange gesetzliche Aufbewahrungspflichten dem nicht entgegenstehen.<\/p>\n<p>3.6.\u00a0Empf\u00e4nger oder Kategorien von Empf\u00e4nger der Daten (sofern eine Daten\u00fcbermittlung stattfindet)<\/p>\n<p>Innerhalb des Unternehmens erhalten diejenigen Abteilungen Ihre Daten, die diese zur Erf\u00fcllung Ihrer Anfrage ben\u00f6tigen.<\/p>\n<p>3.7.\u00a0Hinweise auf die Rechte der Betroffenen<\/p>\n<p>Jeder betroffenen Person stehen folgende Datenschutzreche nach der DSGVO zu:<\/p>\n<ul>\n<li>Recht auf Auskunft nach Art. 15 DSGVO<\/li>\n<li>Recht zur Berichtigung unrichtiger Daten nach Art. 16 DSGVO<\/li>\n<li>Recht auf L\u00f6schung nach Art. 17 DSGVO<\/li>\n<li>Recht auf Einschr\u00e4nkung der Verarbeitung nach Art. 18 DSGVO<\/li>\n<li>Recht auf Daten\u00fcbertragbarkeit nach Art. 20 DSGVO<\/li>\n<li>Recht auf Widerspruch nach Art. 21 DSGVO<\/li>\n<\/ul>\n<p>Zur Aus\u00fcbung Ihrer o.a. Rechte sowie dem Widerruf einer erteilten Einwilligung wenden Sie sich bitte an die im Impressum angegebene E-Mail Adresse.<\/p>\n<p>Sie haben das Recht auf Beschwerde bei einer Aufsichtsbeh\u00f6rde. Sie k\u00f6nnen dieses Recht bei einer Aufsichtsbeh\u00f6rde in dem Mitgliedstaat Ihres Aufenthaltsorts, ihres Arbeitsplatzes, oder des Orts des mutma\u00dflichen Versto\u00dfes geltend machen.<br \/>\nBevor Sie sich mit einer Beschwerde an die zust\u00e4ndige Aufsichtsbeh\u00f6rde wenden, m\u00f6chten wir Sie bitten, diese Angelegenheit mit unserem Datenschutzbeauftragten zu kl\u00e4ren.<\/p>\n<p>3.8.\u00a0Geplante Daten\u00fcbermittlung in Drittstaaten<\/p>\n<p>Derzeit findet keine Daten\u00fcbermittlung in Drittstaaten statt und ist auch zuk\u00fcnftig nicht geplant.<\/p>\n<p>&nbsp;<\/p>\n<p><strong>4.\u00a0Einsatz von Cookies<\/strong><br \/>\nAuf unserer Internetseite setzen wir sogenannte \u201eCookies\u201c ein. Hierbei handelt es sich um kleine Textdateien, die von unserem Webserver an Ihren Computer gesendet werden, um diesen f\u00fcr die Dauer des Besuchs zu identifizieren. \u00dcber diese Cookies erfassen wir keine personenbezogenen Daten.<br \/>\nDie Darstellung unserer Internetseite ist auch ohne die Speicherung von Cookies m\u00f6glich. Sie k\u00f6nnen das Speichern von Cookies in den Einstellungen Ihres Browser deaktivieren oder diesen so einstellen, dass er Sie \u00fcber die beabsichtigte Speicherung durch eine Internetseite informiert. In diesem Fall entscheiden Sie \u00fcber die Annahme des Cookies. F\u00fcr den vollen Funktionsumfang unserer Internetseite ist es allerdings aus technischen Gr\u00fcnden erforderlich, die tempor\u00e4ren Cookies vollst\u00e4ndig zuzulassen.<\/p>\n<p>4.1 Google Analytics<\/p>\n<p>Diese Website benutzt Google Analytics, einen Webanalysedienst der Google Inc. (\u201eGoogle\u201c). Google Analytics verwendet sog. \u201eCookies\u201c, Textdateien, die auf Ihrem Computer gespeichert werden und die eine Analyse der Benutzung der Website durch Sie erm\u00f6glichen. Die durch den Cookie erzeugten Informationen \u00fcber Ihre Benutzung dieser Website werden in der Regel an einen Server von Google in den USA \u00fcbertragen und dort gespeichert. Im Falle der Aktivierung der IP-Anonymisierung auf dieser Webseite, wird Ihre IP-Adresse von Google jedoch innerhalb von Mitgliedstaaten der Europ\u00e4ischen Union oder in anderen Vertragsstaaten des Abkommens \u00fcber den Europ\u00e4ischen Wirtschaftsraum zuvor gek\u00fcrzt. Nur in Ausnahmef\u00e4llen wird die volle IP-Adresse an einen Server von Google in den USA \u00fcbertragen und dort gek\u00fcrzt. Im Auftrag des Betreibers dieser Website wird Google diese Informationen benutzen, um Ihre Nutzung der Website auszuwerten, um Reports \u00fcber die Websiteaktivit\u00e4ten zusammenzustellen und um weitere mit der Websitenutzung und der Internetnutzung verbundene Dienstleistungen gegen\u00fcber dem Websitebetreiber zu erbringen. Die im Rahmen von Google Analytics von Ihrem Browser \u00fcbermittelte IP-Adresse wird nicht mit anderen Daten von Google zusammengef\u00fchrt. Sie k\u00f6nnen die Speicherung der Cookies durch eine entsprechende Einstellung Ihrer Browser-Software verhindern; wir weisen Sie jedoch darauf hin, dass Sie in diesem Fall gegebenenfalls nicht s\u00e4mtliche Funktionen dieser Website vollumf\u00e4nglich werden nutzen k\u00f6nnen. Sie k\u00f6nnen dar\u00fcber hinaus die Erfassung der durch das Cookie erzeugten und auf Ihre Nutzung der Website bezogenen Daten (inkl. Ihrer IP-Adresse) an Google sowie die Verarbeitung dieser Daten durch Google verhindern, indem sie das unter dem folgenden Link verf\u00fcgbare Browser-Plugin herunterladen und installieren. Der aktuelle Link ist <a href=\"http:\/\/tools.google.com\/dlpage\/gaoptout?hl=de\">http:\/\/tools.google.com\/dlpage\/gaoptout?hl=de <\/a><\/p>\n<p>Wir verwenden Google Analytics zu dem Zweck, die Nutzung unserer Webseite analysieren und einzelne Funktionen und Angebote sowie das Nutzungserlebnis fortlaufend verbessern zu k\u00f6nnen. Durch die statistische Auswertung des Nutzerverhaltens k\u00f6nnen wir unser Angebot verbessern und f\u00fcr Sie als Nutzer interessanter ausgestalten. Rechtsgrundlage ist Art. 6 Abs. 1 S. 1 lit. a) DSGVO<\/p>\n<p><strong>5. Sicherheitsma\u00dfnahmen<\/strong><br \/>\nWir setzen technische und organisatorische Sicherheitsma\u00dfnahmen ein, um personenbezogene Daten zu sch\u00fctzen, insb. gegen zuf\u00e4llige oder vors\u00e4tzliche Manipulation, Verlust, Zerst\u00f6rung oder gegen den Zugriff unberechtigter Personen. Unsere Sicherheitsma\u00dfnahmen werden entsprechend der technologischen Entwicklung fortlaufend verbessert. Wir weisen darauf hin, dass es bei der \u00dcbermittlung von Daten im Internet trotz aller Sicherheitsma\u00dfnahmen dazu kommen kann, dass Dritte diese Daten zur Kenntnis nehmen oder verf\u00e4lschen.<\/p>\n<p>&nbsp;<\/p>\n<p><strong>6. Kontakt<\/strong><br \/>\nSollten Sie Fragen und Anregungen zu dieser Datenschutzerkl\u00e4rung haben, wenden Sie sich bitte an die im Impressum angegebene Kontaktadresse.<\/p>\n<p>&nbsp;<\/p>\n<p><strong>7. Aktualisierung unserer Datenschutzrichtlinien<\/strong><br \/>\nDie laufende technische Weiterentwicklung im Bereich der IT-Technologie und des Internets bedingt auch eine Anpassung der bestehenden Datenschutzerkl\u00e4rung. Wir behalten uns daher das Recht vor, Erg\u00e4nzungen oder \u00c4nderungen an der vorliegenden Datenschutzerkl\u00e4rung vorzunehmen.[\/vc_column_text][\/vc_column][\/vc_row]<\/p>\n","protected":false},"excerpt":{"rendered":"[vc_row][vc_column width=&#8221;1\/3&#8243;][vc_column_text]Conception &amp; realization[\/vc_column_text][\/vc_column][vc_column width=&#8221;2\/3&#8243;][vc_column_text] 1.\u00a0Name und Anschrift des Verantwortlichen HBBN GmbH, Hans-Wunderlich-Stra\u00dfe 3, 49078 Osnabr\u00fcck vertreten durch die Gesch\u00e4ftsf\u00fchrung: Dipl.-Kfm. Michael Borkel, Dipl.-Kfm. Thomas Laute, Dipl.-Kfm. Markus Fischer, Dipl.-Kfm. Thomas Hellwig, Sabrina Lembke, B. A., Matthias Neureiter, LL.B., Florian Kaulbach, B. A., Dipl.-Finw. (FH) Bj\u00f6rn Schiballa, LL. M. Telefon: +49 (0) 541 &#8211; 404600,[&#8230;]","protected":false},"author":10,"featured_media":0,"parent":0,"menu_order":0,"comment_status":"closed","ping_status":"closed","template":"","meta":{"footnotes":""},"class_list":["post-5706","page","type-page","status-publish","hentry"],"yoast_head":"<!-- This site is optimized with the Yoast SEO plugin v23.7 - https:\/\/yoast.com\/wordpress\/plugins\/seo\/ -->\n<title>Privacy policy - HBBN Steuerberater Wirtschaftspr\u00fcfer in Osnabr\u00fcck und Hamburg<\/title>\n<meta name=\"robots\" content=\"index, follow, max-snippet:-1, max-image-preview:large, max-video-preview:-1\" \/>\n<link rel=\"canonical\" href=\"https:\/\/www.hbbn.org\/en\/privacy-policy\/\" \/>\n<meta property=\"og:locale\" content=\"en_US\" \/>\n<meta property=\"og:type\" content=\"article\" \/>\n<meta property=\"og:title\" content=\"Privacy policy - HBBN Steuerberater Wirtschaftspr\u00fcfer in Osnabr\u00fcck und Hamburg\" \/>\n<meta property=\"og:description\" content=\"[vc_row][vc_column width=&#8221;1\/3&#8243;][vc_column_text]Conception &amp; realization[\/vc_column_text][\/vc_column][vc_column width=&#8221;2\/3&#8243;][vc_column_text] 1.\u00a0Name und Anschrift des Verantwortlichen HBBN GmbH, Hans-Wunderlich-Stra\u00dfe 3, 49078 Osnabr\u00fcck vertreten durch die Gesch\u00e4ftsf\u00fchrung: Dipl.-Kfm. Michael Borkel, Dipl.-Kfm. Thomas Laute, Dipl.-Kfm. Markus Fischer, Dipl.-Kfm. Thomas Hellwig, Sabrina Lembke, B. A., Matthias Neureiter, LL.B., Florian Kaulbach, B. A., Dipl.-Finw. (FH) Bj\u00f6rn Schiballa, LL. M. Telefon: +49 (0) 541 &#8211; 404600,[...]\" \/>\n<meta property=\"og:url\" content=\"https:\/\/www.hbbn.org\/en\/privacy-policy\/\" \/>\n<meta property=\"og:site_name\" content=\"HBBN Steuerberater Wirtschaftspr\u00fcfer in Osnabr\u00fcck und Hamburg\" \/>\n<meta property=\"article:publisher\" content=\"https:\/\/de-de.facebook.com\/HBBN.de\/\" \/>\n<meta property=\"article:modified_time\" content=\"2026-01-06T16:01:21+00:00\" \/>\n<meta name=\"twitter:card\" content=\"summary_large_image\" \/>\n<meta name=\"twitter:label1\" content=\"Est. reading time\" \/>\n\t<meta name=\"twitter:data1\" content=\"6 minutes\" \/>\n<script type=\"application\/ld+json\" class=\"yoast-schema-graph\">{\"@context\":\"https:\/\/schema.org\",\"@graph\":[{\"@type\":\"WebPage\",\"@id\":\"https:\/\/www.hbbn.org\/en\/privacy-policy\/\",\"url\":\"https:\/\/www.hbbn.org\/en\/privacy-policy\/\",\"name\":\"Privacy policy - HBBN Steuerberater Wirtschaftspr\u00fcfer in Osnabr\u00fcck und Hamburg\",\"isPartOf\":{\"@id\":\"https:\/\/www.hbbn.org\/en\/#website\"},\"datePublished\":\"2017-10-17T09:26:16+00:00\",\"dateModified\":\"2026-01-06T16:01:21+00:00\",\"breadcrumb\":{\"@id\":\"https:\/\/www.hbbn.org\/en\/privacy-policy\/#breadcrumb\"},\"inLanguage\":\"en-US\",\"potentialAction\":[{\"@type\":\"ReadAction\",\"target\":[\"https:\/\/www.hbbn.org\/en\/privacy-policy\/\"]}]},{\"@type\":\"BreadcrumbList\",\"@id\":\"https:\/\/www.hbbn.org\/en\/privacy-policy\/#breadcrumb\",\"itemListElement\":[{\"@type\":\"ListItem\",\"position\":1,\"name\":\"Startseite\",\"item\":\"https:\/\/www.hbbn.org\/en\/\"},{\"@type\":\"ListItem\",\"position\":2,\"name\":\"Privacy policy\"}]},{\"@type\":\"WebSite\",\"@id\":\"https:\/\/www.hbbn.org\/en\/#website\",\"url\":\"https:\/\/www.hbbn.org\/en\/\",\"name\":\"HBBN Steuerberater Wirtschaftspr\u00fcfer in Osnabr\u00fcck und Hamburg\",\"description\":\"HBBN GmbH\",\"publisher\":{\"@id\":\"https:\/\/www.hbbn.org\/en\/#organization\"},\"potentialAction\":[{\"@type\":\"SearchAction\",\"target\":{\"@type\":\"EntryPoint\",\"urlTemplate\":\"https:\/\/www.hbbn.org\/en\/?s={search_term_string}\"},\"query-input\":{\"@type\":\"PropertyValueSpecification\",\"valueRequired\":true,\"valueName\":\"search_term_string\"}}],\"inLanguage\":\"en-US\"},{\"@type\":\"Organization\",\"@id\":\"https:\/\/www.hbbn.org\/en\/#organization\",\"name\":\"HBBN GmbH\",\"url\":\"https:\/\/www.hbbn.org\/en\/\",\"logo\":{\"@type\":\"ImageObject\",\"inLanguage\":\"en-US\",\"@id\":\"https:\/\/www.hbbn.org\/en\/#\/schema\/logo\/image\/\",\"url\":\"https:\/\/www.hbbn.org\/wp-content\/uploads\/2024\/02\/hbbn256-3.png\",\"contentUrl\":\"https:\/\/www.hbbn.org\/wp-content\/uploads\/2024\/02\/hbbn256-3.png\",\"width\":256,\"height\":78,\"caption\":\"HBBN GmbH\"},\"image\":{\"@id\":\"https:\/\/www.hbbn.org\/en\/#\/schema\/logo\/image\/\"},\"sameAs\":[\"https:\/\/de-de.facebook.com\/HBBN.de\/\",\"https:\/\/www.instagram.com\/_hbbn_\",\"https:\/\/de.linkedin.com\/company\/hbbngmbh\",\"https:\/\/www.xing.com\/pages\/hbbngmbh\"]}]}<\/script>\n<!-- \/ Yoast SEO plugin. -->","yoast_head_json":{"title":"Privacy policy - HBBN Steuerberater Wirtschaftspr\u00fcfer in Osnabr\u00fcck und Hamburg","robots":{"index":"index","follow":"follow","max-snippet":"max-snippet:-1","max-image-preview":"max-image-preview:large","max-video-preview":"max-video-preview:-1"},"canonical":"https:\/\/www.hbbn.org\/en\/privacy-policy\/","og_locale":"en_US","og_type":"article","og_title":"Privacy policy - HBBN Steuerberater Wirtschaftspr\u00fcfer in Osnabr\u00fcck und Hamburg","og_description":"[vc_row][vc_column width=&#8221;1\/3&#8243;][vc_column_text]Conception &amp; realization[\/vc_column_text][\/vc_column][vc_column width=&#8221;2\/3&#8243;][vc_column_text] 1.\u00a0Name und Anschrift des Verantwortlichen HBBN GmbH, Hans-Wunderlich-Stra\u00dfe 3, 49078 Osnabr\u00fcck vertreten durch die Gesch\u00e4ftsf\u00fchrung: Dipl.-Kfm. Michael Borkel, Dipl.-Kfm. Thomas Laute, Dipl.-Kfm. Markus Fischer, Dipl.-Kfm. Thomas Hellwig, Sabrina Lembke, B. A., Matthias Neureiter, LL.B., Florian Kaulbach, B. A., Dipl.-Finw. (FH) Bj\u00f6rn Schiballa, LL. M. Telefon: +49 (0) 541 &#8211; 404600,[...]","og_url":"https:\/\/www.hbbn.org\/en\/privacy-policy\/","og_site_name":"HBBN Steuerberater Wirtschaftspr\u00fcfer in Osnabr\u00fcck und Hamburg","article_publisher":"https:\/\/de-de.facebook.com\/HBBN.de\/","article_modified_time":"2026-01-06T16:01:21+00:00","twitter_card":"summary_large_image","twitter_misc":{"Est. reading time":"6 minutes"},"schema":{"@context":"https:\/\/schema.org","@graph":[{"@type":"WebPage","@id":"https:\/\/www.hbbn.org\/en\/privacy-policy\/","url":"https:\/\/www.hbbn.org\/en\/privacy-policy\/","name":"Privacy policy - HBBN Steuerberater Wirtschaftspr\u00fcfer in Osnabr\u00fcck und Hamburg","isPartOf":{"@id":"https:\/\/www.hbbn.org\/en\/#website"},"datePublished":"2017-10-17T09:26:16+00:00","dateModified":"2026-01-06T16:01:21+00:00","breadcrumb":{"@id":"https:\/\/www.hbbn.org\/en\/privacy-policy\/#breadcrumb"},"inLanguage":"en-US","potentialAction":[{"@type":"ReadAction","target":["https:\/\/www.hbbn.org\/en\/privacy-policy\/"]}]},{"@type":"BreadcrumbList","@id":"https:\/\/www.hbbn.org\/en\/privacy-policy\/#breadcrumb","itemListElement":[{"@type":"ListItem","position":1,"name":"Startseite","item":"https:\/\/www.hbbn.org\/en\/"},{"@type":"ListItem","position":2,"name":"Privacy policy"}]},{"@type":"WebSite","@id":"https:\/\/www.hbbn.org\/en\/#website","url":"https:\/\/www.hbbn.org\/en\/","name":"HBBN Steuerberater Wirtschaftspr\u00fcfer in Osnabr\u00fcck und Hamburg","description":"HBBN GmbH","publisher":{"@id":"https:\/\/www.hbbn.org\/en\/#organization"},"potentialAction":[{"@type":"SearchAction","target":{"@type":"EntryPoint","urlTemplate":"https:\/\/www.hbbn.org\/en\/?s={search_term_string}"},"query-input":{"@type":"PropertyValueSpecification","valueRequired":true,"valueName":"search_term_string"}}],"inLanguage":"en-US"},{"@type":"Organization","@id":"https:\/\/www.hbbn.org\/en\/#organization","name":"HBBN GmbH","url":"https:\/\/www.hbbn.org\/en\/","logo":{"@type":"ImageObject","inLanguage":"en-US","@id":"https:\/\/www.hbbn.org\/en\/#\/schema\/logo\/image\/","url":"https:\/\/www.hbbn.org\/wp-content\/uploads\/2024\/02\/hbbn256-3.png","contentUrl":"https:\/\/www.hbbn.org\/wp-content\/uploads\/2024\/02\/hbbn256-3.png","width":256,"height":78,"caption":"HBBN GmbH"},"image":{"@id":"https:\/\/www.hbbn.org\/en\/#\/schema\/logo\/image\/"},"sameAs":["https:\/\/de-de.facebook.com\/HBBN.de\/","https:\/\/www.instagram.com\/_hbbn_","https:\/\/de.linkedin.com\/company\/hbbngmbh","https:\/\/www.xing.com\/pages\/hbbngmbh"]}]}},"_links":{"self":[{"href":"https:\/\/www.hbbn.org\/en\/wp-json\/wp\/v2\/pages\/5706"}],"collection":[{"href":"https:\/\/www.hbbn.org\/en\/wp-json\/wp\/v2\/pages"}],"about":[{"href":"https:\/\/www.hbbn.org\/en\/wp-json\/wp\/v2\/types\/page"}],"author":[{"embeddable":true,"href":"https:\/\/www.hbbn.org\/en\/wp-json\/wp\/v2\/users\/10"}],"replies":[{"embeddable":true,"href":"https:\/\/www.hbbn.org\/en\/wp-json\/wp\/v2\/comments?post=5706"}],"version-history":[{"count":14,"href":"https:\/\/www.hbbn.org\/en\/wp-json\/wp\/v2\/pages\/5706\/revisions"}],"predecessor-version":[{"id":343325,"href":"https:\/\/www.hbbn.org\/en\/wp-json\/wp\/v2\/pages\/5706\/revisions\/343325"}],"wp:attachment":[{"href":"https:\/\/www.hbbn.org\/en\/wp-json\/wp\/v2\/media?parent=5706"}],"curies":[{"name":"wp","href":"https:\/\/api.w.org\/{rel}","templated":true}]}}